{"id":2,"date":"2022-09-20T13:14:00","date_gmt":"2022-09-20T16:14:00","guid":{"rendered":"http:\/\/autooneautomotive.com.br\/?page_id=2"},"modified":"2022-09-20T18:17:52","modified_gmt":"2022-09-20T21:17:52","slug":"pagina-servicos","status":"publish","type":"page","link":"http:\/\/autooneautomotive.com.br\/index.php\/pagina-servicos\/","title":{"rendered":"Servi\u00e7os"},"content":{"rendered":"\n<p class=\"has-text-align-center has-large-font-size\"><strong>Funilaria &amp; Pintura \/ Martelinho de Ouro<\/strong><\/p>\n\n\n\n<figure class=\"wp-block-image size-large\" style=\"border-radius:50px\"><img loading=\"lazy\" decoding=\"async\" width=\"1024\" height=\"439\" src=\"http:\/\/autooneautomotive.com.br\/wp-content\/uploads\/2022\/09\/funilaria-pintura-1024x439.jpg\" alt=\"\" class=\"wp-image-99\" srcset=\"http:\/\/autooneautomotive.com.br\/wp-content\/uploads\/2022\/09\/funilaria-pintura-1024x439.jpg 1024w, http:\/\/autooneautomotive.com.br\/wp-content\/uploads\/2022\/09\/funilaria-pintura-300x129.jpg 300w, http:\/\/autooneautomotive.com.br\/wp-content\/uploads\/2022\/09\/funilaria-pintura-768x329.jpg 768w, http:\/\/autooneautomotive.com.br\/wp-content\/uploads\/2022\/09\/funilaria-pintura-1536x658.jpg 1536w, http:\/\/autooneautomotive.com.br\/wp-content\/uploads\/2022\/09\/funilaria-pintura-2048x878.jpg 2048w\" sizes=\"auto, (max-width: 1024px) 100vw, 1024px\" \/><\/figure>\n\n\n\n<p class=\"has-text-align-center\">Al\u00e9m de nossos produtos, tamb\u00e9m temos servi\u00e7os de funilaria, pintura e martelinho de ouro, com uma base completa e reconhecida pela Sherwin-Williams, de alta capacidade e qualidade t\u00e9cnica com profissionais altamente experientes e capacitados.<\/p>\n\n\n\n<p class=\"has-text-align-center\">Contamos com colorista interno em nossa equipe al\u00e9m de utilizarmos somente produtos originais e de alta qualidade, fornecendo a perfei\u00e7\u00e3o no quesito de funilaria e pintura.<\/p>\n\n\n\n<p class=\"has-text-align-center\">Com nossa estrutura atendemos as maiores concession\u00e1rias e seguradoras do Brasil, entregando qualidade e satisfa\u00e7\u00e3o de nossos clientes.<\/p>\n\n\n\n<p class=\"has-text-align-center has-large-font-size\"><strong>Instala\u00e7\u00e3o de Acess\u00f3rios Automotivos<\/strong><\/p>\n\n\n\n<figure class=\"wp-block-image size-full\" style=\"border-radius:50px\"><img loading=\"lazy\" decoding=\"async\" width=\"700\" height=\"300\" src=\"http:\/\/autooneautomotive.com.br\/wp-content\/uploads\/2022\/09\/instalacao-acessorios.jpg\" alt=\"\" class=\"wp-image-100\" srcset=\"http:\/\/autooneautomotive.com.br\/wp-content\/uploads\/2022\/09\/instalacao-acessorios.jpg 700w, http:\/\/autooneautomotive.com.br\/wp-content\/uploads\/2022\/09\/instalacao-acessorios-300x129.jpg 300w\" sizes=\"auto, (max-width: 700px) 100vw, 700px\" \/><\/figure>\n\n\n\n<p class=\"has-text-align-center\">Caso voc\u00ea precise de uma instala\u00e7\u00e3o na regi\u00e3o da Grande S\u00e3o Paulo, podemos atender sua demanda com nossos instaladores em alguma de nossas lojas, com experi\u00eancia e compet\u00eancia para executar o servi\u00e7o.<\/p>\n\n\n\n<p class=\"has-text-align-center has-large-font-size\">Est\u00e9tica Automotiva<\/p>\n\n\n\n<figure class=\"wp-block-image size-full\" style=\"border-radius:50px\"><img loading=\"lazy\" decoding=\"async\" width=\"734\" height=\"330\" src=\"http:\/\/autooneautomotive.com.br\/wp-content\/uploads\/2022\/09\/vitrificacao.jpg\" alt=\"\" class=\"wp-image-101\" srcset=\"http:\/\/autooneautomotive.com.br\/wp-content\/uploads\/2022\/09\/vitrificacao.jpg 734w, http:\/\/autooneautomotive.com.br\/wp-content\/uploads\/2022\/09\/vitrificacao-300x135.jpg 300w\" sizes=\"auto, (max-width: 734px) 100vw, 734px\" \/><\/figure>\n\n\n\n<p class=\"has-text-align-center\">Prestamos servi\u00e7os de polimento, cristaliza\u00e7\u00e3o, vitrifica\u00e7\u00e3o e tamb\u00e9m instala\u00e7\u00e3o de insulfilm e modificadores est\u00e9ticos em ve\u00edculos, conforme a demanda do cliente.<\/p>\n\n\n\n<p class=\"has-text-align-center has-large-font-size\">Terceiriza\u00e7\u00e3o em Concession\u00e1rias<\/p>\n\n\n\n<p class=\"has-text-align-center\">Caso necessite de m\u00e3o de obra profissional, com uma equipe dedicada em sua loja para atender sua demanda dos servi\u00e7os acima, contate-nos para parcerias, temos uma \u00f3tima rela\u00e7\u00e3o ganha-ganha em nossos clientes atuais e temos total disposi\u00e7\u00e3o para atender sua demanda.<\/p>\n","protected":false},"excerpt":{"rendered":"<p>Funilaria &amp; Pintura \/ Martelinho de Ouro Al\u00e9m de nossos produtos, tamb\u00e9m temos servi\u00e7os de funilaria, pintura e martelinho de ouro, com uma base completa e reconhecida pela Sherwin-Williams, de alta capacidade e qualidade t\u00e9cnica com profissionais altamente experientes e capacitados. Contamos com colorista interno em nossa equipe al\u00e9m de utilizarmos somente produtos originais e [&hellip;]<\/p>\n","protected":false},"author":1,"featured_media":0,"parent":0,"menu_order":0,"comment_status":"closed","ping_status":"open","template":"","meta":{"footnotes":""},"class_list":["post-2","page","type-page","status-publish","hentry"],"_links":{"self":[{"href":"http:\/\/autooneautomotive.com.br\/index.php\/wp-json\/wp\/v2\/pages\/2","targetHints":{"allow":["GET"]}}],"collection":[{"href":"http:\/\/autooneautomotive.com.br\/index.php\/wp-json\/wp\/v2\/pages"}],"about":[{"href":"http:\/\/autooneautomotive.com.br\/index.php\/wp-json\/wp\/v2\/types\/page"}],"author":[{"embeddable":true,"href":"http:\/\/autooneautomotive.com.br\/index.php\/wp-json\/wp\/v2\/users\/1"}],"replies":[{"embeddable":true,"href":"http:\/\/autooneautomotive.com.br\/index.php\/wp-json\/wp\/v2\/comments?post=2"}],"version-history":[{"count":5,"href":"http:\/\/autooneautomotive.com.br\/index.php\/wp-json\/wp\/v2\/pages\/2\/revisions"}],"predecessor-version":[{"id":118,"href":"http:\/\/autooneautomotive.com.br\/index.php\/wp-json\/wp\/v2\/pages\/2\/revisions\/118"}],"wp:attachment":[{"href":"http:\/\/autooneautomotive.com.br\/index.php\/wp-json\/wp\/v2\/media?parent=2"}],"curies":[{"name":"wp","href":"https:\/\/api.w.org\/{rel}","templated":true}]}}