{"id":36,"date":"2022-09-20T14:42:06","date_gmt":"2022-09-20T17:42:06","guid":{"rendered":"http:\/\/autooneautomotive.com.br\/?page_id=36"},"modified":"2022-09-20T18:16:17","modified_gmt":"2022-09-20T21:16:17","slug":"sobre-nos","status":"publish","type":"page","link":"http:\/\/autooneautomotive.com.br\/index.php\/sobre-nos\/","title":{"rendered":"Sobre N\u00f3s"},"content":{"rendered":"\n<p class=\"has-text-align-center\">Fundada em 2018, a Distribuidora Auto One Automotive foi um projeto com o objetivo de facilitar e atender os clientes no segmento de distribui\u00e7\u00e3o de acess\u00f3rios e pe\u00e7as automotivas, principalmente os j\u00e1 atendidos em partes de servi\u00e7os de empresas parceiras.<\/p>\n\n\n\n<p class=\"has-text-align-center\">Tentamos nos destacar neste mercado no quesito de compet\u00eancia mercadol\u00f3gica, com o know how dos envolvidos no neg\u00f3cio al\u00e9m de fortes parceiros que nos apoiam trazendo suas necessidades para que sejam convertidas em produtos de custo justo, e com alto valor de percep\u00e7\u00e3o pelo cliente, trazendo um relacionamento ganha-ganha de longo prazo.<\/p>\n\n\n\n<p class=\"has-text-align-center\">Escolhemos \u00f3timos e importantes nomes do mercado como fornecedores, que tamb\u00e9m nos auxiliam neste mercado extremamente concorrido, para que possamos dar passos firmes e com sabedoria, sem prejudicar nossos concorrentes e ganhando estabilidade para assim continuarmos atendendo prontamente as demandas de mercado.<\/p>\n\n\n\n<p class=\"has-text-align-center\">Temos compet\u00eancia para atendermos todo o Brasil, por meio de parceiros log\u00edsticos, e entregas r\u00e1pidas na grande SP em carros pr\u00f3prios e tamb\u00e9m log\u00edstica terceirizada, para que sua necessidade seja atendida em pre\u00e7o e prazo.<\/p>\n\n\n\n<figure class=\"wp-block-image size-large is-style-rounded\" style=\"border-radius:0px\"><img loading=\"lazy\" decoding=\"async\" width=\"1024\" height=\"672\" src=\"http:\/\/autooneautomotive.com.br\/wp-content\/uploads\/2022\/09\/Deal-Business-Handshake-PNG-Clipart-1024x672.png\" alt=\"\" class=\"wp-image-78\" srcset=\"http:\/\/autooneautomotive.com.br\/wp-content\/uploads\/2022\/09\/Deal-Business-Handshake-PNG-Clipart-1024x672.png 1024w, http:\/\/autooneautomotive.com.br\/wp-content\/uploads\/2022\/09\/Deal-Business-Handshake-PNG-Clipart-300x197.png 300w, http:\/\/autooneautomotive.com.br\/wp-content\/uploads\/2022\/09\/Deal-Business-Handshake-PNG-Clipart-768x504.png 768w, http:\/\/autooneautomotive.com.br\/wp-content\/uploads\/2022\/09\/Deal-Business-Handshake-PNG-Clipart-1536x1008.png 1536w, http:\/\/autooneautomotive.com.br\/wp-content\/uploads\/2022\/09\/Deal-Business-Handshake-PNG-Clipart.png 1600w\" sizes=\"auto, (max-width: 1024px) 100vw, 1024px\" \/><\/figure>\n\n\n\n<blockquote class=\"wp-block-quote has-text-align-center is-layout-flow wp-block-quote-is-layout-flow\"><p>Se voc\u00ea busca acess\u00f3rios automotivos em uma empresa que mais que um fornecedor ser\u00e1 um parceiro, teremos uma grande disposi\u00e7\u00e3o e prazer em atend\u00ea-lo.<\/p><\/blockquote>\n","protected":false},"excerpt":{"rendered":"<p>Fundada em 2018, a Distribuidora Auto One Automotive foi um projeto com o objetivo de facilitar e atender os clientes no segmento de distribui\u00e7\u00e3o de acess\u00f3rios e pe\u00e7as automotivas, principalmente os j\u00e1 atendidos em partes de servi\u00e7os de empresas parceiras. Tentamos nos destacar neste mercado no quesito de compet\u00eancia mercadol\u00f3gica, com o know how dos [&hellip;]<\/p>\n","protected":false},"author":1,"featured_media":0,"parent":0,"menu_order":0,"comment_status":"closed","ping_status":"closed","template":"","meta":{"footnotes":""},"class_list":["post-36","page","type-page","status-publish","hentry"],"_links":{"self":[{"href":"http:\/\/autooneautomotive.com.br\/index.php\/wp-json\/wp\/v2\/pages\/36","targetHints":{"allow":["GET"]}}],"collection":[{"href":"http:\/\/autooneautomotive.com.br\/index.php\/wp-json\/wp\/v2\/pages"}],"about":[{"href":"http:\/\/autooneautomotive.com.br\/index.php\/wp-json\/wp\/v2\/types\/page"}],"author":[{"embeddable":true,"href":"http:\/\/autooneautomotive.com.br\/index.php\/wp-json\/wp\/v2\/users\/1"}],"replies":[{"embeddable":true,"href":"http:\/\/autooneautomotive.com.br\/index.php\/wp-json\/wp\/v2\/comments?post=36"}],"version-history":[{"count":8,"href":"http:\/\/autooneautomotive.com.br\/index.php\/wp-json\/wp\/v2\/pages\/36\/revisions"}],"predecessor-version":[{"id":117,"href":"http:\/\/autooneautomotive.com.br\/index.php\/wp-json\/wp\/v2\/pages\/36\/revisions\/117"}],"wp:attachment":[{"href":"http:\/\/autooneautomotive.com.br\/index.php\/wp-json\/wp\/v2\/media?parent=36"}],"curies":[{"name":"wp","href":"https:\/\/api.w.org\/{rel}","templated":true}]}}