{"id":39,"date":"2022-09-20T14:43:57","date_gmt":"2022-09-20T17:43:57","guid":{"rendered":"http:\/\/autooneautomotive.com.br\/?page_id=39"},"modified":"2022-09-20T17:22:32","modified_gmt":"2022-09-20T20:22:32","slug":"produtos","status":"publish","type":"page","link":"http:\/\/autooneautomotive.com.br\/index.php\/produtos\/","title":{"rendered":"Produtos"},"content":{"rendered":"\n<p class=\"has-text-align-center\">Trabalhamos com produtos diversificados no segmento de acess\u00f3rios automotivos para atender a demanda de nossos clientes, desde itens b\u00e1sicos como l\u00e2mpadas automotivas at\u00e9 os de grande porte como capotas mar\u00edtimas, engates, etc.<\/p>\n\n\n\n<p class=\"has-text-align-center\">Buscamos ampliar nossa gama de produtos de acordo com a demanda de nossos clientes, tratando pre\u00e7o e prazo para que possamos aos poucos atender cada vez melhor e ter maior seguran\u00e7a em fornecer os melhores equipamentos.<\/p>\n\n\n\n<p class=\"has-text-align-center\">Atualmente temos como fornecimento:<\/p>\n\n\n\n<ul class=\"wp-block-list\"><li>Frisos automotivos<\/li><li>Sensores de estacionamento<\/li><li>M\u00f3dulos de automa\u00e7\u00e3o e conforto<\/li><li>M\u00f3dulos de prote\u00e7\u00e3o el\u00e9trica de engate<\/li><li>M\u00f3dulos de performance e acelera\u00e7\u00e3o<\/li><li>L\u00e2mpadas superled e ultraled<\/li><li>Encostos de cabe\u00e7a<\/li><li>Multim\u00eddias automotivas<\/li><li>Som automotivo de 1-Din<\/li><li>Molduras para instala\u00e7\u00e3o de multim\u00eddia<\/li><li>Straming-Box para conex\u00e3o a Android Auto e Carplay<\/li><li>Carregadores de indu\u00e7\u00e3o wireless<\/li><li>Engates automotivos<\/li><li>Capotas mar\u00edtimas<\/li><li>Rodas de liga-leve<\/li><li>Alarmes automotivos<\/li><li>Far\u00f3is de milha<\/li><\/ul>\n\n\n\n<p class=\"has-text-align-center\">Insumos b\u00e1sicos para instaladores:<\/p>\n\n\n\n<ul class=\"wp-block-list\"><li>Espumas anti-ru\u00eddo<\/li><li>Fitas dupla-face de 0.9mm e de 0.7mm<\/li><li>Fitas isolantes<\/li><li>Jogo de esp\u00e1tulas de instalador<\/li><\/ul>\n\n\n\n<p class=\"has-text-align-center\">Insumos para est\u00e9tica automotiva, polimento e acabamento automotivo:<\/p>\n\n\n\n<ul class=\"wp-block-list\"><li>Cristalizadores de vidro<\/li><li>Vitrificador de pintura<\/li><li>Revelador de hologramas<\/li><li>Removedor de chuva \u00e1cida<\/li><li>Lixas de diversas gramaturas<\/li><li>Massas de polimento<\/li><li>Ceras automotivas<\/li><li>Boinas para polimento<\/li><li>Rolos de insul-film<\/li><\/ul>\n\n\n\n<p class=\"has-text-align-center\">Al\u00e9m dos citados acima, temos produtos diariamente sendo colocados em nosso estoque, vale a pena conferir em caso de necessidade, basta nos chamar que responderemos e com o maior prazer atenderemos a sua demanda.<\/p>\n","protected":false},"excerpt":{"rendered":"<p>Trabalhamos com produtos diversificados no segmento de acess\u00f3rios automotivos para atender a demanda de nossos clientes, desde itens b\u00e1sicos como l\u00e2mpadas automotivas at\u00e9 os de grande porte como capotas mar\u00edtimas, engates, etc. Buscamos ampliar nossa gama de produtos de acordo com a demanda de nossos clientes, tratando pre\u00e7o e prazo para que possamos aos poucos [&hellip;]<\/p>\n","protected":false},"author":1,"featured_media":0,"parent":0,"menu_order":0,"comment_status":"closed","ping_status":"closed","template":"","meta":{"footnotes":""},"class_list":["post-39","page","type-page","status-publish","hentry"],"_links":{"self":[{"href":"http:\/\/autooneautomotive.com.br\/index.php\/wp-json\/wp\/v2\/pages\/39","targetHints":{"allow":["GET"]}}],"collection":[{"href":"http:\/\/autooneautomotive.com.br\/index.php\/wp-json\/wp\/v2\/pages"}],"about":[{"href":"http:\/\/autooneautomotive.com.br\/index.php\/wp-json\/wp\/v2\/types\/page"}],"author":[{"embeddable":true,"href":"http:\/\/autooneautomotive.com.br\/index.php\/wp-json\/wp\/v2\/users\/1"}],"replies":[{"embeddable":true,"href":"http:\/\/autooneautomotive.com.br\/index.php\/wp-json\/wp\/v2\/comments?post=39"}],"version-history":[{"count":3,"href":"http:\/\/autooneautomotive.com.br\/index.php\/wp-json\/wp\/v2\/pages\/39\/revisions"}],"predecessor-version":[{"id":96,"href":"http:\/\/autooneautomotive.com.br\/index.php\/wp-json\/wp\/v2\/pages\/39\/revisions\/96"}],"wp:attachment":[{"href":"http:\/\/autooneautomotive.com.br\/index.php\/wp-json\/wp\/v2\/media?parent=39"}],"curies":[{"name":"wp","href":"https:\/\/api.w.org\/{rel}","templated":true}]}}